{"id":971,"date":"2026-02-14T16:35:11","date_gmt":"2026-02-14T15:35:11","guid":{"rendered":"https:\/\/www.lignesetjardins.net\/?page_id=971"},"modified":"2026-02-28T22:51:53","modified_gmt":"2026-02-28T21:51:53","slug":"a-propos","status":"publish","type":"page","link":"https:\/\/www.lignesetjardins.net\/index.php\/a-propos\/","title":{"rendered":"A Propos"},"content":{"rendered":"<p>[vc_row][vc_column width=&#8221;1\/2&#8243;][vc_single_image image=&#8221;1431&#8243; img_size=&#8221;full&#8221; alignment=&#8221;center&#8221; style=&#8221;vc_box_shadow_3d&#8221;][\/vc_column][vc_column width=&#8221;1\/2&#8243;][vc_column_text]Passionn\u00e9e par le jardin depuis l\u2019enfance, j\u2019ai fait du v\u00e9g\u00e9tal bien plus qu\u2019un m\u00e9tier : une v\u00e9ritable vocation.<\/p>\n<p>Forte de 25 ann\u00e9es d\u2019exp\u00e9rience professionnelle et de six ann\u00e9es d\u2019\u00e9tudes sp\u00e9cialis\u00e9es, j\u2019ai d\u00e9velopp\u00e9 une expertise compl\u00e8te, \u00e0 la fois technique et cr\u00e9ative. Titulaire de dipl\u00f4me d&#8217;<strong>Am\u00e9nagements Paysagers en bureau d\u2019\u00e9tudes<\/strong>, j\u2019ai enrichi mon parcours au sein de diff\u00e9rentes entreprises du paysage. Ces exp\u00e9riences m\u2019ont permis d\u2019acqu\u00e9rir une parfaite ma\u00eetrise de la conception paysag\u00e8re tout en restant profond\u00e9ment connect\u00e9e aux r\u00e9alit\u00e9s du terrain.<\/p>\n<p>Aujourd\u2019hui, au sein de <strong data-start=\"715\" data-end=\"736\">Lignes et Jardins<\/strong>, je me consacre exclusivement \u00e0 la cr\u00e9ation de plans de jardins sur mesure. Chaque projet est pens\u00e9 comme une r\u00e9alisation unique, fond\u00e9e sur l\u2019\u00e9coute, l\u2019analyse attentive du lieu et la compr\u00e9hension pr\u00e9cise de vos envies.<\/p>\n<p>Mon approche repose sur la recherche de solutions adapt\u00e9es aux contraintes sp\u00e9cifiques de chaque espace : nature du sol, climat, usages, budget. Concevoir un jardin, c\u2019est imaginer un espace vivant, harmonieux et durable, pens\u00e9 pour \u00e9voluer avec le temps et r\u00e9v\u00e9ler tout son potentiel.<\/p>\n<p>Cr\u00e9er un jardin, c\u2019est avant tout cr\u00e9er un lieu de vie. Mon engagement est de vous accompagner dans cette d\u00e9marche avec exigence, sensibilit\u00e9 et cr\u00e9ativit\u00e9, pour donner naissance \u00e0 un projet qui vous ressemble pleinement.<\/p>\n<p><em>Parce que chaque jardin a une \u00e2me, j\u2019aime lui donner celle qui vous ressemble<\/em><\/p>\n<p>[\/vc_column_text][\/vc_column][\/vc_row]<\/p>\n","protected":false},"excerpt":{"rendered":"<p>[vc_row][vc_column width=&#8221;1\/2&#8243;][vc_single_image image=&#8221;1431&#8243; img_size=&#8221;full&#8221; alignment=&#8221;center&#8221; style=&#8221;vc_box_shadow_3d&#8221;][\/vc_column][vc_column width=&#8221;1\/2&#8243;][vc_column_text]Passionn\u00e9e par le jardin  [&#8230;]<\/p>\n","protected":false},"author":1,"featured_media":0,"parent":0,"menu_order":0,"comment_status":"closed","ping_status":"closed","template":"","meta":{"two_page_speed":[],"footnotes":""},"class_list":["post-971","page","type-page","status-publish","hentry"],"yoast_head":"<!-- This site is optimized with the Yoast SEO plugin v27.0 - https:\/\/yoast.com\/product\/yoast-seo-wordpress\/ -->\n<title>A Propos -<\/title>\n<meta name=\"description\" content=\"pr\u00e9sentation\" \/>\n<meta name=\"robots\" content=\"index, follow, max-snippet:-1, max-image-preview:large, max-video-preview:-1\" \/>\n<link rel=\"canonical\" href=\"https:\/\/www.lignesetjardins.net\/index.php\/a-propos\/\" \/>\n<meta property=\"og:locale\" content=\"fr_FR\" \/>\n<meta property=\"og:type\" content=\"article\" \/>\n<meta property=\"og:title\" content=\"A Propos -\" \/>\n<meta property=\"og:description\" content=\"pr\u00e9sentation\" \/>\n<meta property=\"og:url\" content=\"https:\/\/www.lignesetjardins.net\/index.php\/a-propos\/\" \/>\n<meta property=\"article:modified_time\" content=\"2026-02-28T21:51:53+00:00\" \/>\n<meta name=\"twitter:card\" content=\"summary_large_image\" \/>\n<meta name=\"twitter:label1\" content=\"Dur\u00e9e de lecture estim\u00e9e\" \/>\n\t<meta name=\"twitter:data1\" content=\"2 minutes\" \/>\n<script type=\"application\/ld+json\" class=\"yoast-schema-graph\">{\"@context\":\"https:\/\/schema.org\",\"@graph\":[{\"@type\":\"WebPage\",\"@id\":\"https:\/\/www.lignesetjardins.net\/index.php\/a-propos\/\",\"url\":\"https:\/\/www.lignesetjardins.net\/index.php\/a-propos\/\",\"name\":\"A Propos -\",\"isPartOf\":{\"@id\":\"https:\/\/www.lignesetjardins.net\/#website\"},\"datePublished\":\"2026-02-14T15:35:11+00:00\",\"dateModified\":\"2026-02-28T21:51:53+00:00\",\"description\":\"pr\u00e9sentation\",\"breadcrumb\":{\"@id\":\"https:\/\/www.lignesetjardins.net\/index.php\/a-propos\/#breadcrumb\"},\"inLanguage\":\"fr-FR\",\"potentialAction\":[{\"@type\":\"ReadAction\",\"target\":[\"https:\/\/www.lignesetjardins.net\/index.php\/a-propos\/\"]}]},{\"@type\":\"BreadcrumbList\",\"@id\":\"https:\/\/www.lignesetjardins.net\/index.php\/a-propos\/#breadcrumb\",\"itemListElement\":[{\"@type\":\"ListItem\",\"position\":1,\"name\":\"Accueil\",\"item\":\"https:\/\/www.lignesetjardins.net\/\"},{\"@type\":\"ListItem\",\"position\":2,\"name\":\"A Propos\"}]},{\"@type\":\"WebSite\",\"@id\":\"https:\/\/www.lignesetjardins.net\/#website\",\"url\":\"https:\/\/www.lignesetjardins.net\/\",\"name\":\"\",\"description\":\"\",\"potentialAction\":[{\"@type\":\"SearchAction\",\"target\":{\"@type\":\"EntryPoint\",\"urlTemplate\":\"https:\/\/www.lignesetjardins.net\/?s={search_term_string}\"},\"query-input\":{\"@type\":\"PropertyValueSpecification\",\"valueRequired\":true,\"valueName\":\"search_term_string\"}}],\"inLanguage\":\"fr-FR\"}]}<\/script>\n<!-- \/ Yoast SEO plugin. -->","yoast_head_json":{"title":"A Propos -","description":"pr\u00e9sentation","robots":{"index":"index","follow":"follow","max-snippet":"max-snippet:-1","max-image-preview":"max-image-preview:large","max-video-preview":"max-video-preview:-1"},"canonical":"https:\/\/www.lignesetjardins.net\/index.php\/a-propos\/","og_locale":"fr_FR","og_type":"article","og_title":"A Propos -","og_description":"pr\u00e9sentation","og_url":"https:\/\/www.lignesetjardins.net\/index.php\/a-propos\/","article_modified_time":"2026-02-28T21:51:53+00:00","twitter_card":"summary_large_image","twitter_misc":{"Dur\u00e9e de lecture estim\u00e9e":"2 minutes"},"schema":{"@context":"https:\/\/schema.org","@graph":[{"@type":"WebPage","@id":"https:\/\/www.lignesetjardins.net\/index.php\/a-propos\/","url":"https:\/\/www.lignesetjardins.net\/index.php\/a-propos\/","name":"A Propos -","isPartOf":{"@id":"https:\/\/www.lignesetjardins.net\/#website"},"datePublished":"2026-02-14T15:35:11+00:00","dateModified":"2026-02-28T21:51:53+00:00","description":"pr\u00e9sentation","breadcrumb":{"@id":"https:\/\/www.lignesetjardins.net\/index.php\/a-propos\/#breadcrumb"},"inLanguage":"fr-FR","potentialAction":[{"@type":"ReadAction","target":["https:\/\/www.lignesetjardins.net\/index.php\/a-propos\/"]}]},{"@type":"BreadcrumbList","@id":"https:\/\/www.lignesetjardins.net\/index.php\/a-propos\/#breadcrumb","itemListElement":[{"@type":"ListItem","position":1,"name":"Accueil","item":"https:\/\/www.lignesetjardins.net\/"},{"@type":"ListItem","position":2,"name":"A Propos"}]},{"@type":"WebSite","@id":"https:\/\/www.lignesetjardins.net\/#website","url":"https:\/\/www.lignesetjardins.net\/","name":"","description":"","potentialAction":[{"@type":"SearchAction","target":{"@type":"EntryPoint","urlTemplate":"https:\/\/www.lignesetjardins.net\/?s={search_term_string}"},"query-input":{"@type":"PropertyValueSpecification","valueRequired":true,"valueName":"search_term_string"}}],"inLanguage":"fr-FR"}]}},"_links":{"self":[{"href":"https:\/\/www.lignesetjardins.net\/index.php\/wp-json\/wp\/v2\/pages\/971","targetHints":{"allow":["GET"]}}],"collection":[{"href":"https:\/\/www.lignesetjardins.net\/index.php\/wp-json\/wp\/v2\/pages"}],"about":[{"href":"https:\/\/www.lignesetjardins.net\/index.php\/wp-json\/wp\/v2\/types\/page"}],"author":[{"embeddable":true,"href":"https:\/\/www.lignesetjardins.net\/index.php\/wp-json\/wp\/v2\/users\/1"}],"replies":[{"embeddable":true,"href":"https:\/\/www.lignesetjardins.net\/index.php\/wp-json\/wp\/v2\/comments?post=971"}],"version-history":[{"count":9,"href":"https:\/\/www.lignesetjardins.net\/index.php\/wp-json\/wp\/v2\/pages\/971\/revisions"}],"predecessor-version":[{"id":1481,"href":"https:\/\/www.lignesetjardins.net\/index.php\/wp-json\/wp\/v2\/pages\/971\/revisions\/1481"}],"wp:attachment":[{"href":"https:\/\/www.lignesetjardins.net\/index.php\/wp-json\/wp\/v2\/media?parent=971"}],"curies":[{"name":"wp","href":"https:\/\/api.w.org\/{rel}","templated":true}]}}