{"id":1020,"date":"2026-02-14T22:19:10","date_gmt":"2026-02-14T21:19:10","guid":{"rendered":"https:\/\/www.lignesetjardins.net\/?page_id=1020"},"modified":"2026-02-28T22:42:04","modified_gmt":"2026-02-28T21:42:04","slug":"projet-3","status":"publish","type":"page","link":"https:\/\/www.lignesetjardins.net\/index.php\/realisations\/projet-3\/","title":{"rendered":"Projet 3"},"content":{"rendered":"<p>[vc_row][vc_column][vc_custom_heading text=&#8221;Projet 3&#8243; font_container=&#8221;tag:h2|text_align:center&#8221;][vc_separator border_width=&#8221;2&#8243;][vc_row_inner][vc_column_inner width=&#8221;1\/2&#8243;][vc_single_image image=&#8221;1387&#8243; img_size=&#8221;full&#8221; alignment=&#8221;right&#8221; style=&#8221;vc_box_shadow_3d&#8221;][\/vc_column_inner][vc_column_inner width=&#8221;1\/2&#8243;][vc_column_text]<strong>Situation initiale<\/strong><br \/>\nLe projet concerne un jardin cr\u00e9\u00e9 il y a une\u00a0cinquantaine d\u2019ann\u00e9es.<br \/>\nLa structure reste fonctionnelle mais inadapt\u00e9e aux usages actuels.<br \/>\nL\u2019acc\u00e8s au garage est trop \u00e9troit et le grillage vieillissant.<br \/>\nLe gazon est clairsem\u00e9 et peu homog\u00e8ne.<br \/>\n\u00c0 l\u2019arri\u00e8re, des all\u00e9es en b\u00e9ton structurent l\u2019espace autour d\u2019un cerisier remarquable.<br \/>\nUne terrasse provisoire en graviers et des v\u00e9g\u00e9taux dispers\u00e9s manquent de coh\u00e9rence.[\/vc_column_text][\/vc_column_inner][\/vc_row_inner][\/vc_column][\/vc_row][vc_row][vc_column width=&#8221;1\/2&#8243;][vc_column_text]<\/p>\n<p style=\"text-align: right;\"><strong>Objectifs<\/strong><br \/>\nAgrandir l\u2019acc\u00e8s et cr\u00e9er deux places de stationnement.<br \/>\nIsoler le parking et pr\u00e9voir un espace bateau s\u00e9curis\u00e9.<\/p>\n<p style=\"text-align: right;\">V\u00e9g\u00e9taliser l\u2019avant pour plus d\u2019intimit\u00e9.<br \/>\nSupprimer les bordures b\u00e9ton et restructurer les circulations.<br \/>\nCr\u00e9er une terrasse bois avec jacuzzi et cuisine d\u2019\u00e9t\u00e9.<br \/>\nValoriser le cerisier, int\u00e9grer un olivier et conserver le trampoline.<br \/>\nRenouveler les plantations et refaire le gazon.<\/p>\n<p>[\/vc_column_text][\/vc_column][vc_column width=&#8221;1\/2&#8243;][vc_single_image image=&#8221;1388&#8243; img_size=&#8221;full&#8221; style=&#8221;vc_box_shadow_3d&#8221;][\/vc_column][\/vc_row][vc_row][vc_column width=&#8221;1\/2&#8243;][vc_single_image image=&#8221;1389&#8243; img_size=&#8221;full&#8221; alignment=&#8221;right&#8221; style=&#8221;vc_box_shadow_3d&#8221;][\/vc_column][vc_column width=&#8221;1\/2&#8243;][vc_column_text]<strong>Am\u00e9nagement propos\u00e9<\/strong><\/p>\n<p>Cr\u00e9ation d\u2019un parking en Nidagravel avec bandes de roulement pav\u00e9es.<br \/>\nCheminement harmonis\u00e9 vers l\u2019entr\u00e9e principale.<br \/>\nMassifs persistants et filtrants c\u00f4t\u00e9 rue avec paillage.<br \/>\nCl\u00f4ture rigide v\u00e9g\u00e9talis\u00e9e pour isoler les espaces.<br \/>\nPlantations vari\u00e9es le long du pignon pour structurer les volumes.<br \/>\nTerrasse divis\u00e9e en trois zones : d\u00e9tente avec jacuzzi, liaison v\u00e9g\u00e9talis\u00e9e et espace repas avec cuisine d\u2019\u00e9t\u00e9.<br \/>\nInt\u00e9gration du cerisier dans un massif structur\u00e9.<br \/>\nPlantation d\u2019oliviers et r\u00e9organisation du trampoline dans un cadre paysager.<\/p>\n<p><strong>Conclusion<\/strong><br \/>\nLe jardin est modernis\u00e9, plus fluide et fonctionnel. Il devient un espace harmonieux, convivial et durable.[\/vc_column_text][\/vc_column][\/vc_row][vc_row][vc_column width=&#8221;1\/3&#8243;][vc_single_image image=&#8221;1554&#8243; img_size=&#8221;full&#8221; alignment=&#8221;center&#8221; style=&#8221;vc_box_shadow_3d&#8221;][\/vc_column][vc_column width=&#8221;1\/3&#8243;][vc_single_image image=&#8221;1555&#8243; img_size=&#8221;full&#8221; alignment=&#8221;center&#8221; style=&#8221;vc_box_shadow_3d&#8221;][\/vc_column][vc_column width=&#8221;1\/3&#8243;][vc_single_image image=&#8221;1556&#8243; img_size=&#8221;full&#8221; alignment=&#8221;center&#8221; style=&#8221;vc_box_shadow_3d&#8221;][\/vc_column][\/vc_row][vc_row][vc_column][vc_separator border_width=&#8221;2&#8243;][\/vc_column][\/vc_row]<\/p>\n","protected":false},"excerpt":{"rendered":"<p>[vc_row][vc_column][vc_custom_heading text=&#8221;Projet 3&#8243; font_container=&#8221;tag:h2|text_align:center&#8221;][vc_separator border_width=&#8221;2&#8243;][vc_row_inner][vc_column_inner width=&#8221;1\/2&#8243;][vc_single_image image=&#8221;1387&#8243; img_size=&#8221;full&#8221; alignment=&#8221;right&#8221; style=&#8221;vc_box_shadow_3d&#8221;][\/vc_column_inner][vc_column_inner  [&#8230;]<\/p>\n","protected":false},"author":1,"featured_media":0,"parent":970,"menu_order":0,"comment_status":"closed","ping_status":"closed","template":"elementor_theme","meta":{"two_page_speed":[],"footnotes":""},"class_list":["post-1020","page","type-page","status-publish","hentry"],"yoast_head":"<!-- This site is optimized with the Yoast SEO plugin v27.0 - https:\/\/yoast.com\/product\/yoast-seo-wordpress\/ -->\n<title>Projet 3 -<\/title>\n<meta name=\"robots\" content=\"index, follow, max-snippet:-1, max-image-preview:large, max-video-preview:-1\" \/>\n<link rel=\"canonical\" href=\"https:\/\/www.lignesetjardins.net\/index.php\/realisations\/projet-3\/\" \/>\n<meta property=\"og:locale\" content=\"fr_FR\" \/>\n<meta property=\"og:type\" content=\"article\" \/>\n<meta property=\"og:title\" content=\"Projet 3 -\" \/>\n<meta property=\"og:description\" content=\"[vc_row][vc_column][vc_custom_heading text=&#8221;Projet 3&#8243; font_container=&#8221;tag:h2|text_align:center&#8221;][vc_separator border_width=&#8221;2&#8243;][vc_row_inner][vc_column_inner width=&#8221;1\/2&#8243;][vc_single_image image=&#8221;1387&#8243; img_size=&#8221;full&#8221; alignment=&#8221;right&#8221; style=&#8221;vc_box_shadow_3d&#8221;][\/vc_column_inner][vc_column_inner [...]\" \/>\n<meta property=\"og:url\" content=\"https:\/\/www.lignesetjardins.net\/index.php\/realisations\/projet-3\/\" \/>\n<meta property=\"article:modified_time\" content=\"2026-02-28T21:42:04+00:00\" \/>\n<meta name=\"twitter:card\" content=\"summary_large_image\" \/>\n<meta name=\"twitter:label1\" content=\"Dur\u00e9e de lecture estim\u00e9e\" \/>\n\t<meta name=\"twitter:data1\" content=\"2 minutes\" \/>\n<script type=\"application\/ld+json\" class=\"yoast-schema-graph\">{\"@context\":\"https:\/\/schema.org\",\"@graph\":[{\"@type\":\"WebPage\",\"@id\":\"https:\/\/www.lignesetjardins.net\/index.php\/realisations\/projet-3\/\",\"url\":\"https:\/\/www.lignesetjardins.net\/index.php\/realisations\/projet-3\/\",\"name\":\"Projet 3 -\",\"isPartOf\":{\"@id\":\"https:\/\/www.lignesetjardins.net\/#website\"},\"datePublished\":\"2026-02-14T21:19:10+00:00\",\"dateModified\":\"2026-02-28T21:42:04+00:00\",\"breadcrumb\":{\"@id\":\"https:\/\/www.lignesetjardins.net\/index.php\/realisations\/projet-3\/#breadcrumb\"},\"inLanguage\":\"fr-FR\",\"potentialAction\":[{\"@type\":\"ReadAction\",\"target\":[\"https:\/\/www.lignesetjardins.net\/index.php\/realisations\/projet-3\/\"]}]},{\"@type\":\"BreadcrumbList\",\"@id\":\"https:\/\/www.lignesetjardins.net\/index.php\/realisations\/projet-3\/#breadcrumb\",\"itemListElement\":[{\"@type\":\"ListItem\",\"position\":1,\"name\":\"Accueil\",\"item\":\"https:\/\/www.lignesetjardins.net\/\"},{\"@type\":\"ListItem\",\"position\":2,\"name\":\"R\u00e9alisations\",\"item\":\"https:\/\/www.lignesetjardins.net\/index.php\/realisations\/\"},{\"@type\":\"ListItem\",\"position\":3,\"name\":\"Projet 3\"}]},{\"@type\":\"WebSite\",\"@id\":\"https:\/\/www.lignesetjardins.net\/#website\",\"url\":\"https:\/\/www.lignesetjardins.net\/\",\"name\":\"\",\"description\":\"\",\"potentialAction\":[{\"@type\":\"SearchAction\",\"target\":{\"@type\":\"EntryPoint\",\"urlTemplate\":\"https:\/\/www.lignesetjardins.net\/?s={search_term_string}\"},\"query-input\":{\"@type\":\"PropertyValueSpecification\",\"valueRequired\":true,\"valueName\":\"search_term_string\"}}],\"inLanguage\":\"fr-FR\"}]}<\/script>\n<!-- \/ Yoast SEO plugin. -->","yoast_head_json":{"title":"Projet 3 -","robots":{"index":"index","follow":"follow","max-snippet":"max-snippet:-1","max-image-preview":"max-image-preview:large","max-video-preview":"max-video-preview:-1"},"canonical":"https:\/\/www.lignesetjardins.net\/index.php\/realisations\/projet-3\/","og_locale":"fr_FR","og_type":"article","og_title":"Projet 3 -","og_description":"[vc_row][vc_column][vc_custom_heading text=&#8221;Projet 3&#8243; font_container=&#8221;tag:h2|text_align:center&#8221;][vc_separator border_width=&#8221;2&#8243;][vc_row_inner][vc_column_inner width=&#8221;1\/2&#8243;][vc_single_image image=&#8221;1387&#8243; img_size=&#8221;full&#8221; alignment=&#8221;right&#8221; style=&#8221;vc_box_shadow_3d&#8221;][\/vc_column_inner][vc_column_inner [...]","og_url":"https:\/\/www.lignesetjardins.net\/index.php\/realisations\/projet-3\/","article_modified_time":"2026-02-28T21:42:04+00:00","twitter_card":"summary_large_image","twitter_misc":{"Dur\u00e9e de lecture estim\u00e9e":"2 minutes"},"schema":{"@context":"https:\/\/schema.org","@graph":[{"@type":"WebPage","@id":"https:\/\/www.lignesetjardins.net\/index.php\/realisations\/projet-3\/","url":"https:\/\/www.lignesetjardins.net\/index.php\/realisations\/projet-3\/","name":"Projet 3 -","isPartOf":{"@id":"https:\/\/www.lignesetjardins.net\/#website"},"datePublished":"2026-02-14T21:19:10+00:00","dateModified":"2026-02-28T21:42:04+00:00","breadcrumb":{"@id":"https:\/\/www.lignesetjardins.net\/index.php\/realisations\/projet-3\/#breadcrumb"},"inLanguage":"fr-FR","potentialAction":[{"@type":"ReadAction","target":["https:\/\/www.lignesetjardins.net\/index.php\/realisations\/projet-3\/"]}]},{"@type":"BreadcrumbList","@id":"https:\/\/www.lignesetjardins.net\/index.php\/realisations\/projet-3\/#breadcrumb","itemListElement":[{"@type":"ListItem","position":1,"name":"Accueil","item":"https:\/\/www.lignesetjardins.net\/"},{"@type":"ListItem","position":2,"name":"R\u00e9alisations","item":"https:\/\/www.lignesetjardins.net\/index.php\/realisations\/"},{"@type":"ListItem","position":3,"name":"Projet 3"}]},{"@type":"WebSite","@id":"https:\/\/www.lignesetjardins.net\/#website","url":"https:\/\/www.lignesetjardins.net\/","name":"","description":"","potentialAction":[{"@type":"SearchAction","target":{"@type":"EntryPoint","urlTemplate":"https:\/\/www.lignesetjardins.net\/?s={search_term_string}"},"query-input":{"@type":"PropertyValueSpecification","valueRequired":true,"valueName":"search_term_string"}}],"inLanguage":"fr-FR"}]}},"_links":{"self":[{"href":"https:\/\/www.lignesetjardins.net\/index.php\/wp-json\/wp\/v2\/pages\/1020","targetHints":{"allow":["GET"]}}],"collection":[{"href":"https:\/\/www.lignesetjardins.net\/index.php\/wp-json\/wp\/v2\/pages"}],"about":[{"href":"https:\/\/www.lignesetjardins.net\/index.php\/wp-json\/wp\/v2\/types\/page"}],"author":[{"embeddable":true,"href":"https:\/\/www.lignesetjardins.net\/index.php\/wp-json\/wp\/v2\/users\/1"}],"replies":[{"embeddable":true,"href":"https:\/\/www.lignesetjardins.net\/index.php\/wp-json\/wp\/v2\/comments?post=1020"}],"version-history":[{"count":12,"href":"https:\/\/www.lignesetjardins.net\/index.php\/wp-json\/wp\/v2\/pages\/1020\/revisions"}],"predecessor-version":[{"id":1558,"href":"https:\/\/www.lignesetjardins.net\/index.php\/wp-json\/wp\/v2\/pages\/1020\/revisions\/1558"}],"up":[{"embeddable":true,"href":"https:\/\/www.lignesetjardins.net\/index.php\/wp-json\/wp\/v2\/pages\/970"}],"wp:attachment":[{"href":"https:\/\/www.lignesetjardins.net\/index.php\/wp-json\/wp\/v2\/media?parent=1020"}],"curies":[{"name":"wp","href":"https:\/\/api.w.org\/{rel}","templated":true}]}}