{"id":1019,"date":"2026-02-14T22:19:10","date_gmt":"2026-02-14T21:19:10","guid":{"rendered":"https:\/\/www.lignesetjardins.net\/?page_id=1019"},"modified":"2026-02-28T22:42:35","modified_gmt":"2026-02-28T21:42:35","slug":"projet-2","status":"publish","type":"page","link":"https:\/\/www.lignesetjardins.net\/index.php\/realisations\/projet-2\/","title":{"rendered":"Projet 2"},"content":{"rendered":"<p>[vc_row][vc_column][vc_custom_heading text=&#8221;Projet 2&#8243; font_container=&#8221;tag:h2|text_align:center&#8221;][vc_separator border_width=&#8221;2&#8243;][vc_row_inner][vc_column_inner width=&#8221;1\/2&#8243;][vc_single_image image=&#8221;1543&#8243; img_size=&#8221;full&#8221; alignment=&#8221;right&#8221; style=&#8221;vc_box_shadow_3d&#8221;][\/vc_column_inner][vc_column_inner width=&#8221;1\/2&#8243;][vc_column_text]<strong>Situation initiale<\/strong><br \/>\nLe projet concerne un jardin am\u00e9nag\u00e9 il y a une trentaine d\u2019ann\u00e9es.<br \/>\nLes am\u00e9nagements successifs ont cr\u00e9\u00e9 un ensemble h\u00e9t\u00e9rog\u00e8ne.<br \/>\nEn fa\u00e7ade, le parking en enrob\u00e9 et les massifs d\u2019hortensias et d\u2019agapanthes structurent l\u2019espace.<br \/>\n\u00c0 l\u2019arri\u00e8re, la haie mixte montre des signes de vieillissement.<br \/>\nLa terrasse perd de son attrait en hiver.<br \/>\nLa palissade appara\u00eet peu int\u00e9gr\u00e9e dans la composition g\u00e9n\u00e9rale.[\/vc_column_text][\/vc_column_inner][\/vc_row_inner][\/vc_column][\/vc_row][vc_row][vc_column width=&#8221;1\/2&#8243;][vc_column_text]<\/p>\n<p style=\"text-align: right;\"><strong>Objectifs<\/strong><br \/>\nDiversifier les plantations en fa\u00e7ade.<\/p>\n<p style=\"text-align: right;\">Renforcer et compl\u00e9ter les haies arri\u00e8re.<br \/>\nValoriser la terrasse toute l\u2019ann\u00e9e.<br \/>\nMieux int\u00e9grer la palissade et les \u00e9l\u00e9ments existants.<br \/>\nAssurer une coh\u00e9rence v\u00e9g\u00e9tale sur l\u2019ensemble du terrain.<\/p>\n<p>[\/vc_column_text][\/vc_column][vc_column width=&#8221;1\/2&#8243;][vc_single_image image=&#8221;1544&#8243; img_size=&#8221;full&#8221; style=&#8221;vc_box_shadow_3d&#8221;][\/vc_column][\/vc_row][vc_row][vc_column width=&#8221;1\/2&#8243;][vc_single_image image=&#8221;1545&#8243; img_size=&#8221;full&#8221; alignment=&#8221;right&#8221; style=&#8221;vc_box_shadow_3d&#8221;][\/vc_column][vc_column width=&#8221;1\/2&#8243;][vc_column_text]<strong>Am\u00e9nagement propos\u00e9<\/strong><br \/>\nD\u00e9placement de certains hortensias et agapanthes vers l\u2019arri\u00e8re.<br \/>\nAjout de persistants color\u00e9s pour structurer la fa\u00e7ade.<\/p>\n<p>Cr\u00e9ation de volumes vari\u00e9s pour plus de relief.<br \/>\nDensification de la haie arri\u00e8re pour pr\u00e9server l\u2019intimit\u00e9.<br \/>\nPlantations aux angles pour renforcer la continuit\u00e9 visuelle.<br \/>\nAutour de la terrasse, int\u00e9gration de persistants pour l\u2019hiver.<br \/>\nProlongement du massif afin d\u2019inclure l\u2019olivier et la palissade.<br \/>\nR\u00e9am\u00e9nagement de l\u2019acc\u00e8s pi\u00e9ton en graviers bord\u00e9s de pav\u00e9s.<br \/>\nHarmonisation des essences v\u00e9g\u00e9tales dans tout le jardin.<\/p>\n<p><strong>Conclusion<\/strong><br \/>\nLe projet renforce l\u2019unit\u00e9 et la lisibilit\u00e9 des espaces. Il garantit un jardin \u00e9quilibr\u00e9, attrayant et durable en toute saison.[\/vc_column_text][\/vc_column][\/vc_row][vc_row][vc_column][vc_row_inner][vc_column_inner width=&#8221;1\/2&#8243;][vc_single_image image=&#8221;1551&#8243; img_size=&#8221;full&#8221; alignment=&#8221;center&#8221; style=&#8221;vc_box_shadow_3d&#8221;][\/vc_column_inner][vc_column_inner width=&#8221;1\/2&#8243;][vc_single_image image=&#8221;1552&#8243; img_size=&#8221;full&#8221; alignment=&#8221;center&#8221; style=&#8221;vc_box_shadow_3d&#8221;][\/vc_column_inner][\/vc_row_inner][vc_separator border_width=&#8221;2&#8243;][\/vc_column][\/vc_row]<\/p>\n","protected":false},"excerpt":{"rendered":"<p>[vc_row][vc_column][vc_custom_heading text=&#8221;Projet 2&#8243; font_container=&#8221;tag:h2|text_align:center&#8221;][vc_separator border_width=&#8221;2&#8243;][vc_row_inner][vc_column_inner width=&#8221;1\/2&#8243;][vc_single_image image=&#8221;1543&#8243; img_size=&#8221;full&#8221; alignment=&#8221;right&#8221; style=&#8221;vc_box_shadow_3d&#8221;][\/vc_column_inner][vc_column_inner  [&#8230;]<\/p>\n","protected":false},"author":1,"featured_media":0,"parent":970,"menu_order":0,"comment_status":"closed","ping_status":"closed","template":"elementor_theme","meta":{"two_page_speed":[],"footnotes":""},"class_list":["post-1019","page","type-page","status-publish","hentry"],"yoast_head":"<!-- This site is optimized with the Yoast SEO plugin v27.0 - https:\/\/yoast.com\/product\/yoast-seo-wordpress\/ -->\n<title>Projet 2 -<\/title>\n<meta name=\"robots\" content=\"index, follow, max-snippet:-1, max-image-preview:large, max-video-preview:-1\" \/>\n<link rel=\"canonical\" href=\"https:\/\/www.lignesetjardins.net\/index.php\/realisations\/projet-2\/\" \/>\n<meta property=\"og:locale\" content=\"fr_FR\" \/>\n<meta property=\"og:type\" content=\"article\" \/>\n<meta property=\"og:title\" content=\"Projet 2 -\" \/>\n<meta property=\"og:description\" content=\"[vc_row][vc_column][vc_custom_heading text=&#8221;Projet 2&#8243; font_container=&#8221;tag:h2|text_align:center&#8221;][vc_separator border_width=&#8221;2&#8243;][vc_row_inner][vc_column_inner width=&#8221;1\/2&#8243;][vc_single_image image=&#8221;1543&#8243; img_size=&#8221;full&#8221; alignment=&#8221;right&#8221; style=&#8221;vc_box_shadow_3d&#8221;][\/vc_column_inner][vc_column_inner [...]\" \/>\n<meta property=\"og:url\" content=\"https:\/\/www.lignesetjardins.net\/index.php\/realisations\/projet-2\/\" \/>\n<meta property=\"article:modified_time\" content=\"2026-02-28T21:42:35+00:00\" \/>\n<meta name=\"twitter:card\" content=\"summary_large_image\" \/>\n<meta name=\"twitter:label1\" content=\"Dur\u00e9e de lecture estim\u00e9e\" \/>\n\t<meta name=\"twitter:data1\" content=\"2 minutes\" \/>\n<script type=\"application\/ld+json\" class=\"yoast-schema-graph\">{\"@context\":\"https:\/\/schema.org\",\"@graph\":[{\"@type\":\"WebPage\",\"@id\":\"https:\/\/www.lignesetjardins.net\/index.php\/realisations\/projet-2\/\",\"url\":\"https:\/\/www.lignesetjardins.net\/index.php\/realisations\/projet-2\/\",\"name\":\"Projet 2 -\",\"isPartOf\":{\"@id\":\"https:\/\/www.lignesetjardins.net\/#website\"},\"datePublished\":\"2026-02-14T21:19:10+00:00\",\"dateModified\":\"2026-02-28T21:42:35+00:00\",\"breadcrumb\":{\"@id\":\"https:\/\/www.lignesetjardins.net\/index.php\/realisations\/projet-2\/#breadcrumb\"},\"inLanguage\":\"fr-FR\",\"potentialAction\":[{\"@type\":\"ReadAction\",\"target\":[\"https:\/\/www.lignesetjardins.net\/index.php\/realisations\/projet-2\/\"]}]},{\"@type\":\"BreadcrumbList\",\"@id\":\"https:\/\/www.lignesetjardins.net\/index.php\/realisations\/projet-2\/#breadcrumb\",\"itemListElement\":[{\"@type\":\"ListItem\",\"position\":1,\"name\":\"Accueil\",\"item\":\"https:\/\/www.lignesetjardins.net\/\"},{\"@type\":\"ListItem\",\"position\":2,\"name\":\"R\u00e9alisations\",\"item\":\"https:\/\/www.lignesetjardins.net\/index.php\/realisations\/\"},{\"@type\":\"ListItem\",\"position\":3,\"name\":\"Projet 2\"}]},{\"@type\":\"WebSite\",\"@id\":\"https:\/\/www.lignesetjardins.net\/#website\",\"url\":\"https:\/\/www.lignesetjardins.net\/\",\"name\":\"\",\"description\":\"\",\"potentialAction\":[{\"@type\":\"SearchAction\",\"target\":{\"@type\":\"EntryPoint\",\"urlTemplate\":\"https:\/\/www.lignesetjardins.net\/?s={search_term_string}\"},\"query-input\":{\"@type\":\"PropertyValueSpecification\",\"valueRequired\":true,\"valueName\":\"search_term_string\"}}],\"inLanguage\":\"fr-FR\"}]}<\/script>\n<!-- \/ Yoast SEO plugin. -->","yoast_head_json":{"title":"Projet 2 -","robots":{"index":"index","follow":"follow","max-snippet":"max-snippet:-1","max-image-preview":"max-image-preview:large","max-video-preview":"max-video-preview:-1"},"canonical":"https:\/\/www.lignesetjardins.net\/index.php\/realisations\/projet-2\/","og_locale":"fr_FR","og_type":"article","og_title":"Projet 2 -","og_description":"[vc_row][vc_column][vc_custom_heading text=&#8221;Projet 2&#8243; font_container=&#8221;tag:h2|text_align:center&#8221;][vc_separator border_width=&#8221;2&#8243;][vc_row_inner][vc_column_inner width=&#8221;1\/2&#8243;][vc_single_image image=&#8221;1543&#8243; img_size=&#8221;full&#8221; alignment=&#8221;right&#8221; style=&#8221;vc_box_shadow_3d&#8221;][\/vc_column_inner][vc_column_inner [...]","og_url":"https:\/\/www.lignesetjardins.net\/index.php\/realisations\/projet-2\/","article_modified_time":"2026-02-28T21:42:35+00:00","twitter_card":"summary_large_image","twitter_misc":{"Dur\u00e9e de lecture estim\u00e9e":"2 minutes"},"schema":{"@context":"https:\/\/schema.org","@graph":[{"@type":"WebPage","@id":"https:\/\/www.lignesetjardins.net\/index.php\/realisations\/projet-2\/","url":"https:\/\/www.lignesetjardins.net\/index.php\/realisations\/projet-2\/","name":"Projet 2 -","isPartOf":{"@id":"https:\/\/www.lignesetjardins.net\/#website"},"datePublished":"2026-02-14T21:19:10+00:00","dateModified":"2026-02-28T21:42:35+00:00","breadcrumb":{"@id":"https:\/\/www.lignesetjardins.net\/index.php\/realisations\/projet-2\/#breadcrumb"},"inLanguage":"fr-FR","potentialAction":[{"@type":"ReadAction","target":["https:\/\/www.lignesetjardins.net\/index.php\/realisations\/projet-2\/"]}]},{"@type":"BreadcrumbList","@id":"https:\/\/www.lignesetjardins.net\/index.php\/realisations\/projet-2\/#breadcrumb","itemListElement":[{"@type":"ListItem","position":1,"name":"Accueil","item":"https:\/\/www.lignesetjardins.net\/"},{"@type":"ListItem","position":2,"name":"R\u00e9alisations","item":"https:\/\/www.lignesetjardins.net\/index.php\/realisations\/"},{"@type":"ListItem","position":3,"name":"Projet 2"}]},{"@type":"WebSite","@id":"https:\/\/www.lignesetjardins.net\/#website","url":"https:\/\/www.lignesetjardins.net\/","name":"","description":"","potentialAction":[{"@type":"SearchAction","target":{"@type":"EntryPoint","urlTemplate":"https:\/\/www.lignesetjardins.net\/?s={search_term_string}"},"query-input":{"@type":"PropertyValueSpecification","valueRequired":true,"valueName":"search_term_string"}}],"inLanguage":"fr-FR"}]}},"_links":{"self":[{"href":"https:\/\/www.lignesetjardins.net\/index.php\/wp-json\/wp\/v2\/pages\/1019","targetHints":{"allow":["GET"]}}],"collection":[{"href":"https:\/\/www.lignesetjardins.net\/index.php\/wp-json\/wp\/v2\/pages"}],"about":[{"href":"https:\/\/www.lignesetjardins.net\/index.php\/wp-json\/wp\/v2\/types\/page"}],"author":[{"embeddable":true,"href":"https:\/\/www.lignesetjardins.net\/index.php\/wp-json\/wp\/v2\/users\/1"}],"replies":[{"embeddable":true,"href":"https:\/\/www.lignesetjardins.net\/index.php\/wp-json\/wp\/v2\/comments?post=1019"}],"version-history":[{"count":12,"href":"https:\/\/www.lignesetjardins.net\/index.php\/wp-json\/wp\/v2\/pages\/1019\/revisions"}],"predecessor-version":[{"id":1559,"href":"https:\/\/www.lignesetjardins.net\/index.php\/wp-json\/wp\/v2\/pages\/1019\/revisions\/1559"}],"up":[{"embeddable":true,"href":"https:\/\/www.lignesetjardins.net\/index.php\/wp-json\/wp\/v2\/pages\/970"}],"wp:attachment":[{"href":"https:\/\/www.lignesetjardins.net\/index.php\/wp-json\/wp\/v2\/media?parent=1019"}],"curies":[{"name":"wp","href":"https:\/\/api.w.org\/{rel}","templated":true}]}}