{"id":1018,"date":"2026-02-14T22:19:10","date_gmt":"2026-02-14T21:19:10","guid":{"rendered":"https:\/\/www.lignesetjardins.net\/?page_id=1018"},"modified":"2026-02-28T22:43:28","modified_gmt":"2026-02-28T21:43:28","slug":"projet-1","status":"publish","type":"page","link":"https:\/\/www.lignesetjardins.net\/index.php\/realisations\/projet-1\/","title":{"rendered":"Projet 1"},"content":{"rendered":"<p>[vc_row][vc_column][vc_custom_heading text=&#8221;Projet 1&#8243; font_container=&#8221;tag:h2|text_align:center&#8221;][vc_separator border_width=&#8221;2&#8243;][\/vc_column][\/vc_row][vc_row][vc_column width=&#8221;1\/2&#8243;][vc_single_image image=&#8221;1379&#8243; img_size=&#8221;full&#8221; alignment=&#8221;right&#8221; style=&#8221;vc_box_shadow_3d&#8221;][\/vc_column][vc_column width=&#8221;1\/2&#8243;][vc_column_text]<strong>Situation initiale<\/strong><br \/>\nLe projet concerne un petit jardin am\u00e9nag\u00e9 il y a une quinzaine d\u2019ann\u00e9es.<br \/>\nLa haie existante, haute et vieillissante, occupe trop d\u2019espace et demande beaucoup d\u2019entretien.<\/p>\n<p>Une zone de gazon \u00e0 l\u2019ombre ne pousse plus correctement.<br \/>\nLa fa\u00e7ade manque de mise en valeur et l\u2019acc\u00e8s pi\u00e9ton doit \u00eatre repens\u00e9.<br \/>\nLe parking n\u00e9cessite une meilleure int\u00e9gration paysag\u00e8re.[\/vc_column_text][\/vc_column][\/vc_row][vc_row][vc_column width=&#8221;1\/2&#8243;][vc_column_text]<\/p>\n<p style=\"text-align: right;\"><strong>Objectifs<\/strong><\/p>\n<p style=\"text-align: right;\">Optimiser la surface disponible et all\u00e9ger l\u2019ensemble.<br \/>\nPlanter des arbustes d\u00e9coratifs et faciles d\u2019entretien.<br \/>\nSupprimer le gazon non viable en agrandissant les massifs.<br \/>\nPr\u00e9server l\u2019intimit\u00e9 sans alourdir l\u2019espace.<br \/>\nCr\u00e9er un coin d\u00e9tente accueillant en fa\u00e7ade.<br \/>\nR\u00e9utiliser les v\u00e9g\u00e9taux et bacs existants.<br \/>\nHarmoniser visuellement la zone de stationnement.<\/p>\n<p>[\/vc_column_text][\/vc_column][vc_column width=&#8221;1\/2&#8243;][vc_single_image image=&#8221;1540&#8243; img_size=&#8221;full&#8221; style=&#8221;vc_box_shadow_3d&#8221;][\/vc_column][\/vc_row][vc_row][vc_column width=&#8221;1\/2&#8243;][vc_single_image image=&#8221;1541&#8243; img_size=&#8221;full&#8221; alignment=&#8221;right&#8221; style=&#8221;vc_box_shadow_3d&#8221;][\/vc_column][vc_column width=&#8221;1\/2&#8243;][vc_column_text]<strong>Am\u00e9nagement propos\u00e9<\/strong><br \/>\nLa haie sera remplac\u00e9e par un grillage de 1,80 m habill\u00e9 de plantes grimpantes.<br \/>\nUn massif d\u2019arbustes persistants et de\u00a0vivaces basses sera cr\u00e9\u00e9 avec paillage.<br \/>\nLes bambous existants seront conserv\u00e9s et ma\u00eetris\u00e9s par la taille.<br \/>\nDes pas japonais structureront les circulations et l\u2019entr\u00e9e.<br \/>\nUn treillage bois en fa\u00e7ade d\u00e9limitera l\u2019espace d\u00e9tente avec l\u00e9g\u00e8ret\u00e9.<br \/>\nDes cordylines et gramin\u00e9es apporteront volume et douceur.<br \/>\nLes bacs du parking seront conserv\u00e9s et enrichis de nouvelles plantations.<\/p>\n<p><strong>Conclusion<\/strong><br \/>\nLe r\u00e9am\u00e9nagement offrira un jardin plus coh\u00e9rent et fonctionnel.<br \/>\nL\u2019ensemble sera harmonieux, intime et facile d\u2019entretien.[\/vc_column_text][\/vc_column][\/vc_row][vc_row][vc_column][vc_row_inner][vc_column_inner width=&#8221;1\/3&#8243;][vc_single_image image=&#8221;1547&#8243; img_size=&#8221;full&#8221; alignment=&#8221;center&#8221; style=&#8221;vc_box_shadow_3d&#8221;][\/vc_column_inner][vc_column_inner width=&#8221;1\/3&#8243;][vc_single_image image=&#8221;1548&#8243; img_size=&#8221;full&#8221; alignment=&#8221;center&#8221; style=&#8221;vc_box_shadow_3d&#8221;][\/vc_column_inner][vc_column_inner width=&#8221;1\/3&#8243;][vc_single_image image=&#8221;1549&#8243; img_size=&#8221;full&#8221; alignment=&#8221;center&#8221; style=&#8221;vc_box_shadow_3d&#8221;][\/vc_column_inner][\/vc_row_inner][vc_separator border_width=&#8221;2&#8243;][\/vc_column][\/vc_row]<\/p>\n","protected":false},"excerpt":{"rendered":"<p>[vc_row][vc_column][vc_custom_heading text=&#8221;Projet 1&#8243; font_container=&#8221;tag:h2|text_align:center&#8221;][vc_separator border_width=&#8221;2&#8243;][\/vc_column][\/vc_row][vc_row][vc_column width=&#8221;1\/2&#8243;][vc_single_image image=&#8221;1379&#8243; img_size=&#8221;full&#8221; alignment=&#8221;right&#8221; style=&#8221;vc_box_shadow_3d&#8221;][\/vc_column][vc_column  [&#8230;]<\/p>\n","protected":false},"author":1,"featured_media":0,"parent":970,"menu_order":0,"comment_status":"closed","ping_status":"closed","template":"elementor_theme","meta":{"two_page_speed":[],"footnotes":""},"class_list":["post-1018","page","type-page","status-publish","hentry"],"yoast_head":"<!-- This site is optimized with the Yoast SEO plugin v27.0 - https:\/\/yoast.com\/product\/yoast-seo-wordpress\/ -->\n<title>Projet 1 -<\/title>\n<meta name=\"robots\" content=\"index, follow, max-snippet:-1, max-image-preview:large, max-video-preview:-1\" \/>\n<link rel=\"canonical\" href=\"https:\/\/www.lignesetjardins.net\/index.php\/realisations\/projet-1\/\" \/>\n<meta property=\"og:locale\" content=\"fr_FR\" \/>\n<meta property=\"og:type\" content=\"article\" \/>\n<meta property=\"og:title\" content=\"Projet 1 -\" \/>\n<meta property=\"og:description\" content=\"[vc_row][vc_column][vc_custom_heading text=&#8221;Projet 1&#8243; font_container=&#8221;tag:h2|text_align:center&#8221;][vc_separator border_width=&#8221;2&#8243;][\/vc_column][\/vc_row][vc_row][vc_column width=&#8221;1\/2&#8243;][vc_single_image image=&#8221;1379&#8243; img_size=&#8221;full&#8221; alignment=&#8221;right&#8221; style=&#8221;vc_box_shadow_3d&#8221;][\/vc_column][vc_column [...]\" \/>\n<meta property=\"og:url\" content=\"https:\/\/www.lignesetjardins.net\/index.php\/realisations\/projet-1\/\" \/>\n<meta property=\"article:modified_time\" content=\"2026-02-28T21:43:28+00:00\" \/>\n<meta name=\"twitter:card\" content=\"summary_large_image\" \/>\n<meta name=\"twitter:label1\" content=\"Dur\u00e9e de lecture estim\u00e9e\" \/>\n\t<meta name=\"twitter:data1\" content=\"2 minutes\" \/>\n<script type=\"application\/ld+json\" class=\"yoast-schema-graph\">{\"@context\":\"https:\/\/schema.org\",\"@graph\":[{\"@type\":\"WebPage\",\"@id\":\"https:\/\/www.lignesetjardins.net\/index.php\/realisations\/projet-1\/\",\"url\":\"https:\/\/www.lignesetjardins.net\/index.php\/realisations\/projet-1\/\",\"name\":\"Projet 1 -\",\"isPartOf\":{\"@id\":\"https:\/\/www.lignesetjardins.net\/#website\"},\"datePublished\":\"2026-02-14T21:19:10+00:00\",\"dateModified\":\"2026-02-28T21:43:28+00:00\",\"breadcrumb\":{\"@id\":\"https:\/\/www.lignesetjardins.net\/index.php\/realisations\/projet-1\/#breadcrumb\"},\"inLanguage\":\"fr-FR\",\"potentialAction\":[{\"@type\":\"ReadAction\",\"target\":[\"https:\/\/www.lignesetjardins.net\/index.php\/realisations\/projet-1\/\"]}]},{\"@type\":\"BreadcrumbList\",\"@id\":\"https:\/\/www.lignesetjardins.net\/index.php\/realisations\/projet-1\/#breadcrumb\",\"itemListElement\":[{\"@type\":\"ListItem\",\"position\":1,\"name\":\"Accueil\",\"item\":\"https:\/\/www.lignesetjardins.net\/\"},{\"@type\":\"ListItem\",\"position\":2,\"name\":\"R\u00e9alisations\",\"item\":\"https:\/\/www.lignesetjardins.net\/index.php\/realisations\/\"},{\"@type\":\"ListItem\",\"position\":3,\"name\":\"Projet 1\"}]},{\"@type\":\"WebSite\",\"@id\":\"https:\/\/www.lignesetjardins.net\/#website\",\"url\":\"https:\/\/www.lignesetjardins.net\/\",\"name\":\"\",\"description\":\"\",\"potentialAction\":[{\"@type\":\"SearchAction\",\"target\":{\"@type\":\"EntryPoint\",\"urlTemplate\":\"https:\/\/www.lignesetjardins.net\/?s={search_term_string}\"},\"query-input\":{\"@type\":\"PropertyValueSpecification\",\"valueRequired\":true,\"valueName\":\"search_term_string\"}}],\"inLanguage\":\"fr-FR\"}]}<\/script>\n<!-- \/ Yoast SEO plugin. -->","yoast_head_json":{"title":"Projet 1 -","robots":{"index":"index","follow":"follow","max-snippet":"max-snippet:-1","max-image-preview":"max-image-preview:large","max-video-preview":"max-video-preview:-1"},"canonical":"https:\/\/www.lignesetjardins.net\/index.php\/realisations\/projet-1\/","og_locale":"fr_FR","og_type":"article","og_title":"Projet 1 -","og_description":"[vc_row][vc_column][vc_custom_heading text=&#8221;Projet 1&#8243; font_container=&#8221;tag:h2|text_align:center&#8221;][vc_separator border_width=&#8221;2&#8243;][\/vc_column][\/vc_row][vc_row][vc_column width=&#8221;1\/2&#8243;][vc_single_image image=&#8221;1379&#8243; img_size=&#8221;full&#8221; alignment=&#8221;right&#8221; style=&#8221;vc_box_shadow_3d&#8221;][\/vc_column][vc_column [...]","og_url":"https:\/\/www.lignesetjardins.net\/index.php\/realisations\/projet-1\/","article_modified_time":"2026-02-28T21:43:28+00:00","twitter_card":"summary_large_image","twitter_misc":{"Dur\u00e9e de lecture estim\u00e9e":"2 minutes"},"schema":{"@context":"https:\/\/schema.org","@graph":[{"@type":"WebPage","@id":"https:\/\/www.lignesetjardins.net\/index.php\/realisations\/projet-1\/","url":"https:\/\/www.lignesetjardins.net\/index.php\/realisations\/projet-1\/","name":"Projet 1 -","isPartOf":{"@id":"https:\/\/www.lignesetjardins.net\/#website"},"datePublished":"2026-02-14T21:19:10+00:00","dateModified":"2026-02-28T21:43:28+00:00","breadcrumb":{"@id":"https:\/\/www.lignesetjardins.net\/index.php\/realisations\/projet-1\/#breadcrumb"},"inLanguage":"fr-FR","potentialAction":[{"@type":"ReadAction","target":["https:\/\/www.lignesetjardins.net\/index.php\/realisations\/projet-1\/"]}]},{"@type":"BreadcrumbList","@id":"https:\/\/www.lignesetjardins.net\/index.php\/realisations\/projet-1\/#breadcrumb","itemListElement":[{"@type":"ListItem","position":1,"name":"Accueil","item":"https:\/\/www.lignesetjardins.net\/"},{"@type":"ListItem","position":2,"name":"R\u00e9alisations","item":"https:\/\/www.lignesetjardins.net\/index.php\/realisations\/"},{"@type":"ListItem","position":3,"name":"Projet 1"}]},{"@type":"WebSite","@id":"https:\/\/www.lignesetjardins.net\/#website","url":"https:\/\/www.lignesetjardins.net\/","name":"","description":"","potentialAction":[{"@type":"SearchAction","target":{"@type":"EntryPoint","urlTemplate":"https:\/\/www.lignesetjardins.net\/?s={search_term_string}"},"query-input":{"@type":"PropertyValueSpecification","valueRequired":true,"valueName":"search_term_string"}}],"inLanguage":"fr-FR"}]}},"_links":{"self":[{"href":"https:\/\/www.lignesetjardins.net\/index.php\/wp-json\/wp\/v2\/pages\/1018","targetHints":{"allow":["GET"]}}],"collection":[{"href":"https:\/\/www.lignesetjardins.net\/index.php\/wp-json\/wp\/v2\/pages"}],"about":[{"href":"https:\/\/www.lignesetjardins.net\/index.php\/wp-json\/wp\/v2\/types\/page"}],"author":[{"embeddable":true,"href":"https:\/\/www.lignesetjardins.net\/index.php\/wp-json\/wp\/v2\/users\/1"}],"replies":[{"embeddable":true,"href":"https:\/\/www.lignesetjardins.net\/index.php\/wp-json\/wp\/v2\/comments?post=1018"}],"version-history":[{"count":15,"href":"https:\/\/www.lignesetjardins.net\/index.php\/wp-json\/wp\/v2\/pages\/1018\/revisions"}],"predecessor-version":[{"id":1560,"href":"https:\/\/www.lignesetjardins.net\/index.php\/wp-json\/wp\/v2\/pages\/1018\/revisions\/1560"}],"up":[{"embeddable":true,"href":"https:\/\/www.lignesetjardins.net\/index.php\/wp-json\/wp\/v2\/pages\/970"}],"wp:attachment":[{"href":"https:\/\/www.lignesetjardins.net\/index.php\/wp-json\/wp\/v2\/media?parent=1018"}],"curies":[{"name":"wp","href":"https:\/\/api.w.org\/{rel}","templated":true}]}}