{"id":1008,"date":"2026-02-14T22:17:44","date_gmt":"2026-02-14T21:17:44","guid":{"rendered":"https:\/\/www.lignesetjardins.net\/?page_id=1008"},"modified":"2026-02-28T21:31:54","modified_gmt":"2026-02-28T20:31:54","slug":"prestations","status":"publish","type":"page","link":"https:\/\/www.lignesetjardins.net\/index.php\/prestations\/","title":{"rendered":"Prestations"},"content":{"rendered":"<p>[vc_row][vc_column width=&#8221;1\/2&#8243;][vc_single_image image=&#8221;1283&#8243; img_size=&#8221;full&#8221; alignment=&#8221;center&#8221; style=&#8221;vc_box_shadow_3d&#8221;][\/vc_column][vc_column width=&#8221;1\/2&#8243;][vc_column_text]Pour un <strong>particulier<\/strong>, r\u00e9aliser un plan de jardin permet d\u2019am\u00e9nager son espace ext\u00e9rieur de mani\u00e8re autonome, avec une vision claire et structur\u00e9e. La visite sur place apporte des conseils personnalis\u00e9s, adapt\u00e9s au terrain, aux envies et au budget,et peut se compl\u00e9ter par suivi.<\/p>\n<p>Pour un <strong>professionnel<\/strong>, cette prestation constitue une offre compl\u00e9mentaire valorisant son expertise, renfor\u00e7ant la confiance des clients et favorisant de futurs projets d\u2019am\u00e9nagement.[\/vc_column_text][\/vc_column][\/vc_row][vc_row][vc_column][vc_text_separator title=&#8221;Prestations propos\u00e9es&#8221; border_width=&#8221;2&#8243;][\/vc_column][vc_column width=&#8221;1\/3&#8243;][vc_btn title=&#8221;Visite conseils&#8221; style=&#8221;outline-custom&#8221; outline_custom_color=&#8221;#9bb983&#8243; outline_custom_hover_background=&#8221;#9bb983&#8243; outline_custom_hover_text=&#8221;#ffffff&#8221; size=&#8221;lg&#8221; align=&#8221;center&#8221; button_block=&#8221;true&#8221; link=&#8221;url:https%3A%2F%2Fwww.lignesetjardins.net%2Findex.php%2Fconseils%2F|title:Conseils&#8221;][\/vc_column][vc_column width=&#8221;1\/3&#8243;][vc_btn title=&#8221;Aide \u00e0 la conception&#8221; style=&#8221;outline-custom&#8221; outline_custom_color=&#8221;#9bb983&#8243; outline_custom_hover_background=&#8221;#9bb983&#8243; outline_custom_hover_text=&#8221;#ffffff&#8221; size=&#8221;lg&#8221; align=&#8221;center&#8221; button_block=&#8221;true&#8221; link=&#8221;url:https%3A%2F%2Fwww.lignesetjardins.net%2Findex.php%2Faide-a-la-conception%2F|title:Aide%20%C3%A0%20la%20conception&#8221;][\/vc_column][vc_column width=&#8221;1\/3&#8243;][vc_btn title=&#8221;Conception&#8221; style=&#8221;outline-custom&#8221; outline_custom_color=&#8221;#9bb983&#8243; outline_custom_hover_background=&#8221;#9bb983&#8243; outline_custom_hover_text=&#8221;#ffffff&#8221; size=&#8221;lg&#8221; align=&#8221;center&#8221; button_block=&#8221;true&#8221; link=&#8221;url:https%3A%2F%2Fwww.lignesetjardins.net%2Findex.php%2Fconception%2F|title:Conception&#8221;][\/vc_column][\/vc_row][vc_row][vc_column][vc_separator border_width=&#8221;2&#8243;][\/vc_column][\/vc_row]<\/p>\n","protected":false},"excerpt":{"rendered":"<p>[vc_row][vc_column width=&#8221;1\/2&#8243;][vc_single_image image=&#8221;1283&#8243; img_size=&#8221;full&#8221; alignment=&#8221;center&#8221; style=&#8221;vc_box_shadow_3d&#8221;][\/vc_column][vc_column width=&#8221;1\/2&#8243;][vc_column_text]Pour un particulier, r\u00e9aliser  [&#8230;]<\/p>\n","protected":false},"author":1,"featured_media":0,"parent":0,"menu_order":0,"comment_status":"closed","ping_status":"closed","template":"elementor_theme","meta":{"two_page_speed":[],"footnotes":""},"class_list":["post-1008","page","type-page","status-publish","hentry"],"yoast_head":"<!-- This site is optimized with the Yoast SEO plugin v27.0 - https:\/\/yoast.com\/product\/yoast-seo-wordpress\/ -->\n<title>Prestations -<\/title>\n<meta name=\"robots\" content=\"index, follow, max-snippet:-1, max-image-preview:large, max-video-preview:-1\" \/>\n<link rel=\"canonical\" href=\"https:\/\/www.lignesetjardins.net\/index.php\/prestations\/\" \/>\n<meta property=\"og:locale\" content=\"fr_FR\" \/>\n<meta property=\"og:type\" content=\"article\" \/>\n<meta property=\"og:title\" content=\"Prestations -\" \/>\n<meta property=\"og:description\" content=\"[vc_row][vc_column width=&#8221;1\/2&#8243;][vc_single_image image=&#8221;1283&#8243; img_size=&#8221;full&#8221; alignment=&#8221;center&#8221; style=&#8221;vc_box_shadow_3d&#8221;][\/vc_column][vc_column width=&#8221;1\/2&#8243;][vc_column_text]Pour un particulier, r\u00e9aliser [...]\" \/>\n<meta property=\"og:url\" content=\"https:\/\/www.lignesetjardins.net\/index.php\/prestations\/\" \/>\n<meta property=\"article:modified_time\" content=\"2026-02-28T20:31:54+00:00\" \/>\n<meta name=\"twitter:card\" content=\"summary_large_image\" \/>\n<meta name=\"twitter:label1\" content=\"Dur\u00e9e de lecture estim\u00e9e\" \/>\n\t<meta name=\"twitter:data1\" content=\"1 minute\" \/>\n<script type=\"application\/ld+json\" class=\"yoast-schema-graph\">{\"@context\":\"https:\/\/schema.org\",\"@graph\":[{\"@type\":\"WebPage\",\"@id\":\"https:\/\/www.lignesetjardins.net\/index.php\/prestations\/\",\"url\":\"https:\/\/www.lignesetjardins.net\/index.php\/prestations\/\",\"name\":\"Prestations -\",\"isPartOf\":{\"@id\":\"https:\/\/www.lignesetjardins.net\/#website\"},\"datePublished\":\"2026-02-14T21:17:44+00:00\",\"dateModified\":\"2026-02-28T20:31:54+00:00\",\"breadcrumb\":{\"@id\":\"https:\/\/www.lignesetjardins.net\/index.php\/prestations\/#breadcrumb\"},\"inLanguage\":\"fr-FR\",\"potentialAction\":[{\"@type\":\"ReadAction\",\"target\":[\"https:\/\/www.lignesetjardins.net\/index.php\/prestations\/\"]}]},{\"@type\":\"BreadcrumbList\",\"@id\":\"https:\/\/www.lignesetjardins.net\/index.php\/prestations\/#breadcrumb\",\"itemListElement\":[{\"@type\":\"ListItem\",\"position\":1,\"name\":\"Accueil\",\"item\":\"https:\/\/www.lignesetjardins.net\/\"},{\"@type\":\"ListItem\",\"position\":2,\"name\":\"Prestations\"}]},{\"@type\":\"WebSite\",\"@id\":\"https:\/\/www.lignesetjardins.net\/#website\",\"url\":\"https:\/\/www.lignesetjardins.net\/\",\"name\":\"\",\"description\":\"\",\"potentialAction\":[{\"@type\":\"SearchAction\",\"target\":{\"@type\":\"EntryPoint\",\"urlTemplate\":\"https:\/\/www.lignesetjardins.net\/?s={search_term_string}\"},\"query-input\":{\"@type\":\"PropertyValueSpecification\",\"valueRequired\":true,\"valueName\":\"search_term_string\"}}],\"inLanguage\":\"fr-FR\"}]}<\/script>\n<!-- \/ Yoast SEO plugin. -->","yoast_head_json":{"title":"Prestations -","robots":{"index":"index","follow":"follow","max-snippet":"max-snippet:-1","max-image-preview":"max-image-preview:large","max-video-preview":"max-video-preview:-1"},"canonical":"https:\/\/www.lignesetjardins.net\/index.php\/prestations\/","og_locale":"fr_FR","og_type":"article","og_title":"Prestations -","og_description":"[vc_row][vc_column width=&#8221;1\/2&#8243;][vc_single_image image=&#8221;1283&#8243; img_size=&#8221;full&#8221; alignment=&#8221;center&#8221; style=&#8221;vc_box_shadow_3d&#8221;][\/vc_column][vc_column width=&#8221;1\/2&#8243;][vc_column_text]Pour un particulier, r\u00e9aliser [...]","og_url":"https:\/\/www.lignesetjardins.net\/index.php\/prestations\/","article_modified_time":"2026-02-28T20:31:54+00:00","twitter_card":"summary_large_image","twitter_misc":{"Dur\u00e9e de lecture estim\u00e9e":"1 minute"},"schema":{"@context":"https:\/\/schema.org","@graph":[{"@type":"WebPage","@id":"https:\/\/www.lignesetjardins.net\/index.php\/prestations\/","url":"https:\/\/www.lignesetjardins.net\/index.php\/prestations\/","name":"Prestations -","isPartOf":{"@id":"https:\/\/www.lignesetjardins.net\/#website"},"datePublished":"2026-02-14T21:17:44+00:00","dateModified":"2026-02-28T20:31:54+00:00","breadcrumb":{"@id":"https:\/\/www.lignesetjardins.net\/index.php\/prestations\/#breadcrumb"},"inLanguage":"fr-FR","potentialAction":[{"@type":"ReadAction","target":["https:\/\/www.lignesetjardins.net\/index.php\/prestations\/"]}]},{"@type":"BreadcrumbList","@id":"https:\/\/www.lignesetjardins.net\/index.php\/prestations\/#breadcrumb","itemListElement":[{"@type":"ListItem","position":1,"name":"Accueil","item":"https:\/\/www.lignesetjardins.net\/"},{"@type":"ListItem","position":2,"name":"Prestations"}]},{"@type":"WebSite","@id":"https:\/\/www.lignesetjardins.net\/#website","url":"https:\/\/www.lignesetjardins.net\/","name":"","description":"","potentialAction":[{"@type":"SearchAction","target":{"@type":"EntryPoint","urlTemplate":"https:\/\/www.lignesetjardins.net\/?s={search_term_string}"},"query-input":{"@type":"PropertyValueSpecification","valueRequired":true,"valueName":"search_term_string"}}],"inLanguage":"fr-FR"}]}},"_links":{"self":[{"href":"https:\/\/www.lignesetjardins.net\/index.php\/wp-json\/wp\/v2\/pages\/1008","targetHints":{"allow":["GET"]}}],"collection":[{"href":"https:\/\/www.lignesetjardins.net\/index.php\/wp-json\/wp\/v2\/pages"}],"about":[{"href":"https:\/\/www.lignesetjardins.net\/index.php\/wp-json\/wp\/v2\/types\/page"}],"author":[{"embeddable":true,"href":"https:\/\/www.lignesetjardins.net\/index.php\/wp-json\/wp\/v2\/users\/1"}],"replies":[{"embeddable":true,"href":"https:\/\/www.lignesetjardins.net\/index.php\/wp-json\/wp\/v2\/comments?post=1008"}],"version-history":[{"count":33,"href":"https:\/\/www.lignesetjardins.net\/index.php\/wp-json\/wp\/v2\/pages\/1008\/revisions"}],"predecessor-version":[{"id":1510,"href":"https:\/\/www.lignesetjardins.net\/index.php\/wp-json\/wp\/v2\/pages\/1008\/revisions\/1510"}],"wp:attachment":[{"href":"https:\/\/www.lignesetjardins.net\/index.php\/wp-json\/wp\/v2\/media?parent=1008"}],"curies":[{"name":"wp","href":"https:\/\/api.w.org\/{rel}","templated":true}]}}