{"id":1005,"date":"2026-02-14T22:17:44","date_gmt":"2026-02-14T21:17:44","guid":{"rendered":"https:\/\/www.lignesetjardins.net\/?page_id=1005"},"modified":"2026-02-28T22:02:52","modified_gmt":"2026-02-28T21:02:52","slug":"aide-a-la-conception","status":"publish","type":"page","link":"https:\/\/www.lignesetjardins.net\/index.php\/aide-a-la-conception\/","title":{"rendered":"Aide \u00e0 la conception"},"content":{"rendered":"<p>[vc_row][vc_column][vc_custom_heading text=&#8221;&#8220;Aide \u00e0 la conception&#8220;&#8221; font_container=&#8221;tag:h2|text_align:center&#8221;][vc_column_text]<\/p>\n<p style=\"text-align: center;\">L\u2019\u00ab\u00a0<strong>aide \u00e0 la conception<\/strong>\u00a0\u00bb inclut des conseils personnalis\u00e9s, des trac\u00e9s au sol pour mat\u00e9rialiser les am\u00e9nagements, ainsi qu\u2019un accompagnement dans le choix des v\u00e9g\u00e9taux en p\u00e9pini\u00e8re. La livraison et le positionnement des plantes dans les massifs sont \u00e9galement pr\u00e9vus. Des documents explicatifs vous sont remis, et une visite apr\u00e8s travaux vous permet d\u2019\u00eatre guid\u00e9.<\/p>\n<p>[\/vc_column_text][vc_separator border_width=&#8221;2&#8243;][vc_row_inner][vc_column_inner width=&#8221;1\/2&#8243;][vc_single_image image=&#8221;1444&#8243; img_size=&#8221;full&#8221; alignment=&#8221;right&#8221; style=&#8221;vc_box_shadow_3d&#8221;][\/vc_column_inner][vc_column_inner width=&#8221;1\/2&#8243;][vc_column_text]<strong>Visite \u00e0 domicile avec trac\u00e9s au sol \u2013 dur\u00e9e estim\u00e9e : 3h<\/strong><\/p>\n<p style=\"text-align: left;\">Un rendez-vous est organis\u00e9 directement chez vous.<br \/>\nNous analysons ensemble votre jardin et son environnement.<br \/>\nCette \u00e9tape permet d\u2019identifier ses atouts et ses contraintes.<br \/>\nNous d\u00e9finissons l\u2019implantation des futurs am\u00e9nagements.<br \/>\nLes diff\u00e9rents espaces sont pens\u00e9s selon vos envies et vos besoins.<br \/>\nDes trac\u00e9s au sol sont r\u00e9alis\u00e9s pour d\u00e9limiter les zones pr\u00e9vues.<br \/>\nMassifs, all\u00e9es et espaces plant\u00e9s prennent forme sous vos yeux.<br \/>\nVous b\u00e9n\u00e9ficiez ainsi d\u2019une visualisation concr\u00e8te et r\u00e9aliste de votre projet.<\/p>\n<p>[\/vc_column_text][\/vc_column_inner][\/vc_row_inner][\/vc_column][\/vc_row][vc_row][vc_column width=&#8221;1\/2&#8243;][vc_column_text]<\/p>\n<p style=\"text-align: right;\"><strong>S\u00e9lection des v\u00e9g\u00e9taux en p\u00e9pini\u00e8re \u2013 dur\u00e9e estim\u00e9e : 2h<\/strong><\/p>\n<p style=\"text-align: right;\">Je vous accompagne directement en p\u00e9pini\u00e8re pour choisir vos plantes.<br \/>\nLa s\u00e9lection est r\u00e9alis\u00e9e selon la nature de votre sol.<br \/>\nNous prenons en compte l\u2019exposition et le climat de votre jardin.<br \/>\nL\u2019ambiance souhait\u00e9e guide \u00e9galement nos choix.<br \/>\nVous b\u00e9n\u00e9ficiez de conseils personnalis\u00e9s et professionnels.<br \/>\nL\u2019objectif est de cr\u00e9er un jardin harmonieux et durable.<br \/>\nLes v\u00e9g\u00e9taux sont choisis pour leur facilit\u00e9 d\u2019entretien.<br \/>\nLe chargement et la livraison sont assur\u00e9s, avec mise \u00e0 disposition gratuite d\u2019un v\u00e9hicule.<\/p>\n<p>[\/vc_column_text][\/vc_column][vc_column width=&#8221;1\/2&#8243;][vc_single_image image=&#8221;1446&#8243; img_size=&#8221;full&#8221; style=&#8221;vc_box_shadow_3d&#8221;][\/vc_column][\/vc_row][vc_row][vc_column width=&#8221;1\/2&#8243;][vc_single_image image=&#8221;1515&#8243; img_size=&#8221;full&#8221; alignment=&#8221;right&#8221; style=&#8221;vc_box_shadow_3d&#8221;][\/vc_column][vc_column width=&#8221;1\/2&#8243;][vc_column_text]<\/p>\n<p style=\"text-align: left;\"><strong>Mise en place des v\u00e9g\u00e9taux dans votre jardin \u2013 dur\u00e9e estim\u00e9e : 2h<\/strong><\/p>\n<p>Nous positionnons ensemble les plantes selon le plan \u00e9tabli.<br \/>\nChaque v\u00e9g\u00e9tal est dispos\u00e9 avec soin dans son espace d\u00e9di\u00e9.<br \/>\nNous travaillons les hauteurs pour structurer les massifs.<br \/>\nLes volumes et les perspectives sont ajust\u00e9s pour un rendu harmonieux.<br \/>\nCette \u00e9tape permet d\u2019affiner l\u2019ensemble avant la plantation d\u00e9finitive.<br \/>\nDes ajustements peuvent \u00eatre r\u00e9alis\u00e9s pour un \u00e9quilibre optimal.[\/vc_column_text][\/vc_column][\/vc_row][vc_row][vc_column width=&#8221;1\/2&#8243;][vc_column_text]<\/p>\n<p style=\"text-align: right;\"><strong>Documents fournis<\/strong><\/p>\n<p style=\"text-align: right;\">Une liste d\u00e9taill\u00e9e des v\u00e9g\u00e9taux s\u00e9lectionn\u00e9s, class\u00e9s par utilisation.<br \/>\nDes fiches et conseils d\u2019entretien pour assurer la bonne reprise et le d\u00e9veloppement de vos plantations.<\/p>\n<p>[\/vc_column_text][\/vc_column][vc_column width=&#8221;1\/2&#8243;][vc_single_image image=&#8221;1515&#8243; img_size=&#8221;full&#8221; style=&#8221;vc_box_shadow_3d&#8221;][\/vc_column][\/vc_row][vc_row][vc_column width=&#8221;1\/2&#8243;][vc_row_inner][vc_column_inner][vc_single_image image=&#8221;1448&#8243; img_size=&#8221;full&#8221; alignment=&#8221;right&#8221; style=&#8221;vc_box_shadow_3d&#8221;][\/vc_column_inner][\/vc_row_inner][\/vc_column][vc_column width=&#8221;1\/2&#8243;][vc_column_text]<\/p>\n<p style=\"text-align: left;\"><strong>Visite de suivi &#8211; dur\u00e9e estim\u00e9e : 2h<\/strong><\/p>\n<p>\u00c0 l\u2019issue des travaux, je me d\u00e9place \u00e0 nouveau dans votre jardin.<br \/>\nCette rencontre permet de faire le point sur les am\u00e9nagements r\u00e9alis\u00e9s.<br \/>\nJe vous apporte des conseils personnalis\u00e9s et adapt\u00e9s \u00e0 votre espace.<br \/>\nNous v\u00e9rifions ensemble la bonne mise en \u0153uvre du projet.<br \/>\nDes recommandations sont donn\u00e9es pour favoriser le bon d\u00e9veloppement des plantations.<br \/>\nJe vous guide \u00e9galement sur les gestes d\u2019entretien \u00e0 privil\u00e9gier.<br \/>\nCette visite vous aide \u00e0 p\u00e9renniser votre nouvel am\u00e9nagement.[\/vc_column_text][\/vc_column][\/vc_row][vc_row][vc_column][vc_column_text]<\/p>\n<p style=\"text-align: center;\"><strong>\u00c0 noter :<\/strong> La prestation \u00ab Aide \u00e0 la conception \u00bb n\u2019inclut pas la r\u00e9alisation de plans techniques ni de plans d\u00e9taill\u00e9s du jardin.<\/p>\n<p>[\/vc_column_text][vc_text_separator title=&#8221;Tarif : 330 \u20ac&#8221; border_width=&#8221;2&#8243;][vc_column_text]<strong>Option\u00a0:<\/strong><\/p>\n<p>Suivi annuel du jardin \u2013 dur\u00e9e estim\u00e9e : 2h \u2013 90 \u20ac<br \/>\nJe vous propose un suivi personnalis\u00e9 pour vous conseiller sur les soins essentiels tels que la taille, la fertilisation ou l\u2019arrosage, afin de pr\u00e9server la sant\u00e9 et la beaut\u00e9 de vos v\u00e9g\u00e9taux. Je vous accompagne dans l\u2019entretien et l\u2019\u00e9volution de votre jardin, en fonction de vos envies et de vos besoins.[\/vc_column_text][\/vc_column][\/vc_row]<\/p>\n","protected":false},"excerpt":{"rendered":"<p>[vc_row][vc_column][vc_custom_heading text=&#8221;&#8220;Aide \u00e0 la conception&#8220;&#8221; font_container=&#8221;tag:h2|text_align:center&#8221;][vc_column_text] L\u2019\u00ab\u00a0aide \u00e0 la conception\u00a0\u00bb  [&#8230;]<\/p>\n","protected":false},"author":1,"featured_media":0,"parent":0,"menu_order":0,"comment_status":"closed","ping_status":"closed","template":"elementor_theme","meta":{"two_page_speed":[],"footnotes":""},"class_list":["post-1005","page","type-page","status-publish","hentry"],"yoast_head":"<!-- This site is optimized with the Yoast SEO plugin v27.0 - https:\/\/yoast.com\/product\/yoast-seo-wordpress\/ -->\n<title>Aide \u00e0 la conception -<\/title>\n<meta name=\"robots\" content=\"index, follow, max-snippet:-1, max-image-preview:large, max-video-preview:-1\" \/>\n<link rel=\"canonical\" href=\"https:\/\/www.lignesetjardins.net\/index.php\/aide-a-la-conception\/\" \/>\n<meta property=\"og:locale\" content=\"fr_FR\" \/>\n<meta property=\"og:type\" content=\"article\" \/>\n<meta property=\"og:title\" content=\"Aide \u00e0 la conception -\" \/>\n<meta property=\"og:description\" content=\"[vc_row][vc_column][vc_custom_heading text=&#8221;&#8220;Aide \u00e0 la conception&#8220;&#8221; font_container=&#8221;tag:h2|text_align:center&#8221;][vc_column_text] L\u2019\u00ab\u00a0aide \u00e0 la conception\u00a0\u00bb [...]\" \/>\n<meta property=\"og:url\" content=\"https:\/\/www.lignesetjardins.net\/index.php\/aide-a-la-conception\/\" \/>\n<meta property=\"article:modified_time\" content=\"2026-02-28T21:02:52+00:00\" \/>\n<meta name=\"twitter:card\" content=\"summary_large_image\" \/>\n<meta name=\"twitter:label1\" content=\"Dur\u00e9e de lecture estim\u00e9e\" \/>\n\t<meta name=\"twitter:data1\" content=\"3 minutes\" \/>\n<script type=\"application\/ld+json\" class=\"yoast-schema-graph\">{\"@context\":\"https:\/\/schema.org\",\"@graph\":[{\"@type\":\"WebPage\",\"@id\":\"https:\/\/www.lignesetjardins.net\/index.php\/aide-a-la-conception\/\",\"url\":\"https:\/\/www.lignesetjardins.net\/index.php\/aide-a-la-conception\/\",\"name\":\"Aide \u00e0 la conception -\",\"isPartOf\":{\"@id\":\"https:\/\/www.lignesetjardins.net\/#website\"},\"datePublished\":\"2026-02-14T21:17:44+00:00\",\"dateModified\":\"2026-02-28T21:02:52+00:00\",\"breadcrumb\":{\"@id\":\"https:\/\/www.lignesetjardins.net\/index.php\/aide-a-la-conception\/#breadcrumb\"},\"inLanguage\":\"fr-FR\",\"potentialAction\":[{\"@type\":\"ReadAction\",\"target\":[\"https:\/\/www.lignesetjardins.net\/index.php\/aide-a-la-conception\/\"]}]},{\"@type\":\"BreadcrumbList\",\"@id\":\"https:\/\/www.lignesetjardins.net\/index.php\/aide-a-la-conception\/#breadcrumb\",\"itemListElement\":[{\"@type\":\"ListItem\",\"position\":1,\"name\":\"Accueil\",\"item\":\"https:\/\/www.lignesetjardins.net\/\"},{\"@type\":\"ListItem\",\"position\":2,\"name\":\"Aide \u00e0 la conception\"}]},{\"@type\":\"WebSite\",\"@id\":\"https:\/\/www.lignesetjardins.net\/#website\",\"url\":\"https:\/\/www.lignesetjardins.net\/\",\"name\":\"\",\"description\":\"\",\"potentialAction\":[{\"@type\":\"SearchAction\",\"target\":{\"@type\":\"EntryPoint\",\"urlTemplate\":\"https:\/\/www.lignesetjardins.net\/?s={search_term_string}\"},\"query-input\":{\"@type\":\"PropertyValueSpecification\",\"valueRequired\":true,\"valueName\":\"search_term_string\"}}],\"inLanguage\":\"fr-FR\"}]}<\/script>\n<!-- \/ Yoast SEO plugin. -->","yoast_head_json":{"title":"Aide \u00e0 la conception -","robots":{"index":"index","follow":"follow","max-snippet":"max-snippet:-1","max-image-preview":"max-image-preview:large","max-video-preview":"max-video-preview:-1"},"canonical":"https:\/\/www.lignesetjardins.net\/index.php\/aide-a-la-conception\/","og_locale":"fr_FR","og_type":"article","og_title":"Aide \u00e0 la conception -","og_description":"[vc_row][vc_column][vc_custom_heading text=&#8221;&#8220;Aide \u00e0 la conception&#8220;&#8221; font_container=&#8221;tag:h2|text_align:center&#8221;][vc_column_text] L\u2019\u00ab\u00a0aide \u00e0 la conception\u00a0\u00bb [...]","og_url":"https:\/\/www.lignesetjardins.net\/index.php\/aide-a-la-conception\/","article_modified_time":"2026-02-28T21:02:52+00:00","twitter_card":"summary_large_image","twitter_misc":{"Dur\u00e9e de lecture estim\u00e9e":"3 minutes"},"schema":{"@context":"https:\/\/schema.org","@graph":[{"@type":"WebPage","@id":"https:\/\/www.lignesetjardins.net\/index.php\/aide-a-la-conception\/","url":"https:\/\/www.lignesetjardins.net\/index.php\/aide-a-la-conception\/","name":"Aide \u00e0 la conception -","isPartOf":{"@id":"https:\/\/www.lignesetjardins.net\/#website"},"datePublished":"2026-02-14T21:17:44+00:00","dateModified":"2026-02-28T21:02:52+00:00","breadcrumb":{"@id":"https:\/\/www.lignesetjardins.net\/index.php\/aide-a-la-conception\/#breadcrumb"},"inLanguage":"fr-FR","potentialAction":[{"@type":"ReadAction","target":["https:\/\/www.lignesetjardins.net\/index.php\/aide-a-la-conception\/"]}]},{"@type":"BreadcrumbList","@id":"https:\/\/www.lignesetjardins.net\/index.php\/aide-a-la-conception\/#breadcrumb","itemListElement":[{"@type":"ListItem","position":1,"name":"Accueil","item":"https:\/\/www.lignesetjardins.net\/"},{"@type":"ListItem","position":2,"name":"Aide \u00e0 la conception"}]},{"@type":"WebSite","@id":"https:\/\/www.lignesetjardins.net\/#website","url":"https:\/\/www.lignesetjardins.net\/","name":"","description":"","potentialAction":[{"@type":"SearchAction","target":{"@type":"EntryPoint","urlTemplate":"https:\/\/www.lignesetjardins.net\/?s={search_term_string}"},"query-input":{"@type":"PropertyValueSpecification","valueRequired":true,"valueName":"search_term_string"}}],"inLanguage":"fr-FR"}]}},"_links":{"self":[{"href":"https:\/\/www.lignesetjardins.net\/index.php\/wp-json\/wp\/v2\/pages\/1005","targetHints":{"allow":["GET"]}}],"collection":[{"href":"https:\/\/www.lignesetjardins.net\/index.php\/wp-json\/wp\/v2\/pages"}],"about":[{"href":"https:\/\/www.lignesetjardins.net\/index.php\/wp-json\/wp\/v2\/types\/page"}],"author":[{"embeddable":true,"href":"https:\/\/www.lignesetjardins.net\/index.php\/wp-json\/wp\/v2\/users\/1"}],"replies":[{"embeddable":true,"href":"https:\/\/www.lignesetjardins.net\/index.php\/wp-json\/wp\/v2\/comments?post=1005"}],"version-history":[{"count":35,"href":"https:\/\/www.lignesetjardins.net\/index.php\/wp-json\/wp\/v2\/pages\/1005\/revisions"}],"predecessor-version":[{"id":1533,"href":"https:\/\/www.lignesetjardins.net\/index.php\/wp-json\/wp\/v2\/pages\/1005\/revisions\/1533"}],"wp:attachment":[{"href":"https:\/\/www.lignesetjardins.net\/index.php\/wp-json\/wp\/v2\/media?parent=1005"}],"curies":[{"name":"wp","href":"https:\/\/api.w.org\/{rel}","templated":true}]}}